{"id":39,"date":"2024-04-21T12:41:34","date_gmt":"2024-04-21T10:41:34","guid":{"rendered":"https:\/\/www.sebastienreal.com\/?page_id=39"},"modified":"2024-04-21T13:01:20","modified_gmt":"2024-04-21T11:01:20","slug":"39-2","status":"publish","type":"page","link":"https:\/\/www.sebastienreal.com\/","title":{"rendered":""},"content":{"rendered":"\n<figure class=\"wp-block-image size-large is-resized\"><img loading=\"lazy\" decoding=\"async\" width=\"1024\" height=\"513\" src=\"https:\/\/www.sebastienreal.com\/wp-content\/uploads\/2024\/04\/HEADER-2-1-1024x513.png\" alt=\"\" class=\"wp-image-41\" style=\"width:839px;height:auto\" srcset=\"https:\/\/www.sebastienreal.com\/wp-content\/uploads\/2024\/04\/HEADER-2-1-1024x513.png 1024w, https:\/\/www.sebastienreal.com\/wp-content\/uploads\/2024\/04\/HEADER-2-1-300x150.png 300w, https:\/\/www.sebastienreal.com\/wp-content\/uploads\/2024\/04\/HEADER-2-1-768x385.png 768w, https:\/\/www.sebastienreal.com\/wp-content\/uploads\/2024\/04\/HEADER-2-1-1536x769.png 1536w, https:\/\/www.sebastienreal.com\/wp-content\/uploads\/2024\/04\/HEADER-2-1-2048x1026.png 2048w, https:\/\/www.sebastienreal.com\/wp-content\/uploads\/2024\/04\/HEADER-2-1-1140x571.png 1140w\" sizes=\"auto, (max-width: 1024px) 100vw, 1024px\" \/><\/figure>\n\n\n\n<div class=\"wp-block-group\"><div class=\"wp-block-group__inner-container is-layout-constrained wp-block-group-is-layout-constrained\">\n<div class=\"wp-block-group\"><div class=\"wp-block-group__inner-container is-layout-constrained wp-block-group-is-layout-constrained\">\n<p>Designer graphique de formation et artiste plasticien par vocation &nbsp;<\/p>\n\n\n\n<p>\u00c0 l\u2019origine, mon travail de peinture \u00e9tait proche du glitch art. Mon attirance pour le graphisme de ces images d\u00e9structur\u00e9es donnait du sens \u00e0 mes toiles et m\u2019ont permis d\u2019aborder des sujets<br>environnementaux qui me sont chers. &nbsp;<\/p>\n\n\n\n<p>De figuratif, mon travail est devenu plus abstrait. \u00c0 force de dessiner ces formes inspir\u00e9es du<br>num\u00e9rique, je les ai r\u00e9sum\u00e9es \u00e0 leur plus simple expression, jusqu\u2019\u00e0 une forme d\u2019\u00e9criture. &nbsp;<\/p>\n\n\n\n<p>Puis la peinture ne m\u2019a plus suffi, je ressentais le besoin d\u2019appr\u00e9hender un mat\u00e9riau diff\u00e9rent, d\u2019\u00eatre en contact direct avec la mati\u00e8re. De mani\u00e8re autodidacte, j\u2019ai approch\u00e9 le bois, le b\u00e9ton, le pl\u00e2tre&#8230; avant de d\u00e9couvrir le m\u00e9tal. La connexion a \u00e9t\u00e9 imm\u00e9diate, comme une \u00e9vidence. Bien que plus difficile \u00e0 travailler, le m\u00e9tal me permet de jouer avec les transparences. &nbsp;<\/p>\n\n\n\n<p>Par des motifs r\u00e9p\u00e9t\u00e9s, creus\u00e9s avec ma torche plasma, je cr\u00e9e un langage, des lignes d\u2019\u00e9criture qui racontent ma vision des beaut\u00e9s fragiles de notre plan\u00e8te. Ces formes, je les retrouve partout o\u00f9 je pose le regard : l\u2019\u00e9corce d\u2019un arbre, les reflets de l\u2019eau, le pelage d\u2019un animal&#8230; Mes cr\u00e9ations sont un t\u00e9moignage de ma perception et de ce qui m\u2019anime chaque jour, de la mani\u00e8re la plus \u00e9l\u00e9gante possible.<\/p>\n<\/div><\/div>\n<\/div><\/div>\n\n\n\n<figure class=\"wp-block-gallery has-nested-images columns-default is-cropped wp-block-gallery-1 is-layout-flex wp-block-gallery-is-layout-flex\">\n<figure class=\"wp-block-image size-large\"><img loading=\"lazy\" decoding=\"async\" width=\"1024\" height=\"1024\" data-id=\"43\" src=\"https:\/\/www.sebastienreal.com\/wp-content\/uploads\/2024\/04\/FOUGERE-H100cm-DIAMETRE-90cm_1-1024x1024.jpg\" alt=\"\" class=\"wp-image-43\" srcset=\"https:\/\/www.sebastienreal.com\/wp-content\/uploads\/2024\/04\/FOUGERE-H100cm-DIAMETRE-90cm_1-1024x1024.jpg 1024w, https:\/\/www.sebastienreal.com\/wp-content\/uploads\/2024\/04\/FOUGERE-H100cm-DIAMETRE-90cm_1-300x300.jpg 300w, https:\/\/www.sebastienreal.com\/wp-content\/uploads\/2024\/04\/FOUGERE-H100cm-DIAMETRE-90cm_1-150x150.jpg 150w, https:\/\/www.sebastienreal.com\/wp-content\/uploads\/2024\/04\/FOUGERE-H100cm-DIAMETRE-90cm_1-768x768.jpg 768w, https:\/\/www.sebastienreal.com\/wp-content\/uploads\/2024\/04\/FOUGERE-H100cm-DIAMETRE-90cm_1-1536x1536.jpg 1536w, https:\/\/www.sebastienreal.com\/wp-content\/uploads\/2024\/04\/FOUGERE-H100cm-DIAMETRE-90cm_1-2048x2048.jpg 2048w, https:\/\/www.sebastienreal.com\/wp-content\/uploads\/2024\/04\/FOUGERE-H100cm-DIAMETRE-90cm_1-1140x1140.jpg 1140w, https:\/\/www.sebastienreal.com\/wp-content\/uploads\/2024\/04\/FOUGERE-H100cm-DIAMETRE-90cm_1-75x75.jpg 75w\" sizes=\"auto, (max-width: 1024px) 100vw, 1024px\" \/><\/figure>\n\n\n\n<figure class=\"wp-block-image size-large\"><img loading=\"lazy\" decoding=\"async\" width=\"1024\" height=\"1024\" data-id=\"45\" src=\"https:\/\/www.sebastienreal.com\/wp-content\/uploads\/2024\/04\/GORGONE_43X35_1-1024x1024.jpg\" alt=\"\" class=\"wp-image-45\" srcset=\"https:\/\/www.sebastienreal.com\/wp-content\/uploads\/2024\/04\/GORGONE_43X35_1-1024x1024.jpg 1024w, https:\/\/www.sebastienreal.com\/wp-content\/uploads\/2024\/04\/GORGONE_43X35_1-300x300.jpg 300w, https:\/\/www.sebastienreal.com\/wp-content\/uploads\/2024\/04\/GORGONE_43X35_1-150x150.jpg 150w, https:\/\/www.sebastienreal.com\/wp-content\/uploads\/2024\/04\/GORGONE_43X35_1-768x768.jpg 768w, https:\/\/www.sebastienreal.com\/wp-content\/uploads\/2024\/04\/GORGONE_43X35_1-1536x1536.jpg 1536w, https:\/\/www.sebastienreal.com\/wp-content\/uploads\/2024\/04\/GORGONE_43X35_1-2048x2048.jpg 2048w, https:\/\/www.sebastienreal.com\/wp-content\/uploads\/2024\/04\/GORGONE_43X35_1-1140x1140.jpg 1140w, https:\/\/www.sebastienreal.com\/wp-content\/uploads\/2024\/04\/GORGONE_43X35_1-75x75.jpg 75w\" sizes=\"auto, (max-width: 1024px) 100vw, 1024px\" \/><\/figure>\n\n\n\n<figure class=\"wp-block-image size-large\"><img loading=\"lazy\" decoding=\"async\" width=\"1024\" height=\"1024\" data-id=\"44\" src=\"https:\/\/www.sebastienreal.com\/wp-content\/uploads\/2024\/04\/INSPIRATION-DOLOMITES_93X63_1-1024x1024.jpg\" alt=\"\" class=\"wp-image-44\" srcset=\"https:\/\/www.sebastienreal.com\/wp-content\/uploads\/2024\/04\/INSPIRATION-DOLOMITES_93X63_1-1024x1024.jpg 1024w, https:\/\/www.sebastienreal.com\/wp-content\/uploads\/2024\/04\/INSPIRATION-DOLOMITES_93X63_1-300x300.jpg 300w, https:\/\/www.sebastienreal.com\/wp-content\/uploads\/2024\/04\/INSPIRATION-DOLOMITES_93X63_1-150x150.jpg 150w, https:\/\/www.sebastienreal.com\/wp-content\/uploads\/2024\/04\/INSPIRATION-DOLOMITES_93X63_1-768x768.jpg 768w, https:\/\/www.sebastienreal.com\/wp-content\/uploads\/2024\/04\/INSPIRATION-DOLOMITES_93X63_1-1536x1536.jpg 1536w, https:\/\/www.sebastienreal.com\/wp-content\/uploads\/2024\/04\/INSPIRATION-DOLOMITES_93X63_1-2048x2048.jpg 2048w, https:\/\/www.sebastienreal.com\/wp-content\/uploads\/2024\/04\/INSPIRATION-DOLOMITES_93X63_1-1140x1140.jpg 1140w, https:\/\/www.sebastienreal.com\/wp-content\/uploads\/2024\/04\/INSPIRATION-DOLOMITES_93X63_1-75x75.jpg 75w\" sizes=\"auto, (max-width: 1024px) 100vw, 1024px\" \/><\/figure>\n<\/figure>\n","protected":false},"excerpt":{"rendered":"<p>Designer graphique de formation et artiste plasticien par vocation &nbsp; \u00c0 l\u2019origine, mon travail de peinture \u00e9tait proche du glitch art. Mon attirance pour le graphisme de ces images d\u00e9structur\u00e9es donnait du sens \u00e0 mes toiles et m\u2019ont permis d\u2019aborder des sujetsenvironnementaux qui me sont chers. &nbsp; De figuratif, mon travail est devenu plus abstrait. \u00c0 force de dessiner ces formes inspir\u00e9es dunum\u00e9rique, je les ai r\u00e9sum\u00e9es \u00e0 leur plus simple expression, jusqu\u2019\u00e0 une forme d\u2019\u00e9criture. &nbsp; Puis la peinture ne m\u2019a plus suffi, je ressentais le besoin d\u2019appr\u00e9hender un mat\u00e9riau diff\u00e9rent, d\u2019\u00eatre en contact direct avec la mati\u00e8re. De mani\u00e8re autodidacte, j\u2019ai approch\u00e9 le bois, le b\u00e9ton, le pl\u00e2tre&#8230; avant de d\u00e9couvrir le m\u00e9tal. La connexion a \u00e9t\u00e9 imm\u00e9diate, comme une \u00e9vidence. Bien que plus difficile \u00e0 travailler, le m\u00e9tal me permet de jouer avec les transparences. &nbsp; Par des motifs r\u00e9p\u00e9t\u00e9s, creus\u00e9s avec ma torche plasma, je cr\u00e9e un langage, des lignes d\u2019\u00e9criture qui racontent ma vision des beaut\u00e9s fragiles de notre plan\u00e8te. Ces formes, je les retrouve partout o\u00f9 je pose le regard : l\u2019\u00e9corce d\u2019un arbre, les reflets de l\u2019eau, le pelage d\u2019un animal&#8230; Mes cr\u00e9ations sont un t\u00e9moignage de ma perception et de ce qui m\u2019anime chaque jour, de la mani\u00e8re la plus \u00e9l\u00e9gante possible.<\/p>\n","protected":false},"author":1,"featured_media":0,"parent":0,"menu_order":0,"comment_status":"closed","ping_status":"closed","template":"","meta":{"footnotes":""},"class_list":["post-39","page","type-page","status-publish","hentry"],"_links":{"self":[{"href":"https:\/\/www.sebastienreal.com\/index.php\/wp-json\/wp\/v2\/pages\/39","targetHints":{"allow":["GET"]}}],"collection":[{"href":"https:\/\/www.sebastienreal.com\/index.php\/wp-json\/wp\/v2\/pages"}],"about":[{"href":"https:\/\/www.sebastienreal.com\/index.php\/wp-json\/wp\/v2\/types\/page"}],"author":[{"embeddable":true,"href":"https:\/\/www.sebastienreal.com\/index.php\/wp-json\/wp\/v2\/users\/1"}],"replies":[{"embeddable":true,"href":"https:\/\/www.sebastienreal.com\/index.php\/wp-json\/wp\/v2\/comments?post=39"}],"version-history":[{"count":5,"href":"https:\/\/www.sebastienreal.com\/index.php\/wp-json\/wp\/v2\/pages\/39\/revisions"}],"predecessor-version":[{"id":53,"href":"https:\/\/www.sebastienreal.com\/index.php\/wp-json\/wp\/v2\/pages\/39\/revisions\/53"}],"wp:attachment":[{"href":"https:\/\/www.sebastienreal.com\/index.php\/wp-json\/wp\/v2\/media?parent=39"}],"curies":[{"name":"wp","href":"https:\/\/api.w.org\/{rel}","templated":true}]}}